{"id":6382,"date":"2021-04-06T00:26:23","date_gmt":"2021-04-06T00:26:23","guid":{"rendered":"https:\/\/iwk.de\/?page_id=6382"},"modified":"2023-03-28T07:07:02","modified_gmt":"2023-03-28T07:07:02","slug":"fr-home","status":"publish","type":"page","link":"https:\/\/vipgo.atsautomation.com\/iwk-de\/fr\/%20%20\/fr-home\/","title":{"rendered":"home"},"content":{"rendered":"<div class=\"front-page-content-area\">\n<div id=\"hero\" class=\"hero\" style=\"background-image: url('https:\/\/iwk.de\/wp-content\/uploads\/sites\/22\/2021\/01\/slider.jpg');\">\n<div class=\"wrap page-hero-container-outer\">\n<div class=\"hero-container-inner\">\n<article >\n<header class=\"entry-header\">\n<h1 class=\"entry-title\">PLUS DE 10,000 <\/br>INSTALLATIONS <\/br>BIEN PLUS QU&rsquo;UNE<\/br>PROMESSE<\/h1>\n<\/header>\n<\/article>\n<\/div>\n<\/div>\n<\/div>\n<\/div>\n<div class=\"home-main row\">\n<h2 class=\"home-head\">Nos clients appr\u00e9cient que nous maintenions leurs machines en \u00e9tat de fonctionnement. Depuis 1893, dans le monde entier et \u00e0 toute heure de la journ\u00e9e.<\/h2>\n<div class=\"home-column row\">\n<div class=\"one column\">\n<p><img loading=\"lazy\" decoding=\"async\" class=\"alignnone size-full wp-image-83\" src=\"https:\/\/iwk.de\/wp-content\/uploads\/sites\/22\/2021\/02\/two.png\" alt=\"\" width=\"100\" height=\"100\" \/><\/p>\n<h3>IWK EN BREF<\/h3>\n<p>Depuis 1893, l\u2019entreprise IWK est devenue synonyme de hautes technologies gr\u00e2ce \u00e0 son expertise de l\u2019int\u00e9gration de ligne fournissant et \u00e0 une fiabilit\u00e9 maximale pour le remplissage de tubes et l\u2019encartonnement.<\/p>\n<div class=\"read-more\"><a href=\"https:\/\/iwk.de\/fr\/iwk-en-bref\/\"><img loading=\"lazy\" decoding=\"async\" class=\"alignnone size-thumbnail wp-image-116\" src=\"https:\/\/iwk.de\/wp-content\/uploads\/sites\/22\/2020\/12\/plus-e1608153632530.png?w=37&amp;h=43&amp;crop=1\" alt=\"\" width=\"37\" height=\"43\" \/><\/a><\/div>\n<\/div>\n<div class=\"two column\">\n<p><img loading=\"lazy\" decoding=\"async\" class=\"alignnone size-full wp-image-82\" src=\"https:\/\/iwk.de\/wp-content\/uploads\/sites\/22\/2021\/02\/icon_cont_beratung.png\" alt=\"\" width=\"100\" height=\"100\" \/><\/p>\n<h3>CONSEIL<\/h3>\n<p>Nous connaissons les principales pr\u00e9occupations de nos clients et nous avons adopt\u00e9 notre offre en cons\u00e9quence.<\/p>\n<div class=\"read-more\"><a href=\"https:\/\/iwk.de\/fr\/conseil\/\"><img loading=\"lazy\" decoding=\"async\" class=\"alignnone size-thumbnail wp-image-116\" src=\"https:\/\/iwk.de\/wp-content\/uploads\/sites\/22\/2020\/12\/plus-e1608153632530.png?w=37&amp;h=43&amp;crop=1\" alt=\"\" width=\"37\" height=\"43\" \/><\/a><\/div>\n<\/div>\n<div class=\"three column\">\n<p><img loading=\"lazy\" decoding=\"async\" class=\"alignnone size-full wp-image-86\" src=\"https:\/\/iwk.de\/wp-content\/uploads\/sites\/22\/2021\/02\/icon_cont_produkte_loesungen.png\" alt=\"\" width=\"100\" height=\"100\" \/><\/p>\n<h3>PRODUITS ET SOLUTIONS<\/h3>\n<p>IWK fournit des produits d\u2019excellente qualit\u00e9 et des solutions compl\u00e8tes aussi bien pour l\u2019installation de lignes que sous forme de machines individuelles.<\/p>\n<div class=\"read-more\"><a href=\"https:\/\/iwk.de\/fr\/produits-et-solutions\/\"><img loading=\"lazy\" decoding=\"async\" class=\"alignnone size-thumbnail wp-image-116\" src=\"https:\/\/iwk.de\/wp-content\/uploads\/sites\/22\/2020\/12\/plus-e1608153632530.png?w=37&amp;h=43&amp;crop=1\" alt=\"\" width=\"37\" height=\"43\" \/><\/a><\/div>\n<\/div>\n<\/div>\n<div class=\"row\">\n<div class=\"column-second\">\n<p><img loading=\"lazy\" decoding=\"async\" class=\"alignnone size-thumbnail wp-image-84\" src=\"https:\/\/iwk.de\/wp-content\/uploads\/sites\/22\/2021\/02\/icon_cont_service.png\" alt=\"\" width=\"100\" height=\"100\" \/><\/p>\n<h3>SERVICE<\/h3>\n<p>Nous nous engageons \u00e0 fournir des services d\u2019ing\u00e9nierie haut de gamme, de la pr\u00e9-vente jusqu\u2019au lancement de votre installation, sans oublier la maintenance classique.<\/p>\n<div class=\"read-more\"><a href=\"https:\/\/iwk.de\/fr\/servicefr\/\"><img loading=\"lazy\" decoding=\"async\" class=\"alignnone size-thumbnail wp-image-116\" src=\"https:\/\/iwk.de\/wp-content\/uploads\/sites\/22\/2020\/12\/plus-e1608153632530.png?w=37&amp;h=43&amp;crop=1\" alt=\"\" width=\"37\" height=\"43\" \/><\/a><\/div>\n<\/div>\n<div class=\"column-second\">\n<p><img loading=\"lazy\" decoding=\"async\" class=\"alignnone size-thumbnail wp-image-85\" src=\"https:\/\/iwk.de\/wp-content\/uploads\/sites\/22\/2020\/12\/four.png?resize=150,150\" alt=\"\" width=\"100\" height=\"100\" srcset=\"https:\/\/vipgo.atsautomation.com\/iwk-de\/%20%20\/wp-content\/uploads\/sites\/22\/2020\/12\/four.png 163w, https:\/\/vipgo.atsautomation.com\/iwk-de\/%20%20\/wp-content\/uploads\/sites\/22\/2020\/12\/four.png?resize=150,150 150w\" sizes=\"auto, (max-width: 100px) 100vw, 100px\" \/><\/p>\n<h3>CARRI\u00c8RE<\/h3>\n<p>Notre march\u00e9 est international, tout comme les activit\u00e9s et les possibilit\u00e9s qui s\u2019offrent \u00e0 nos collaborateurs.<\/p>\n<div class=\"read-more\"><a href=\"https:\/\/iwk.de\/fr\/carriere\/\"><img loading=\"lazy\" decoding=\"async\" class=\"alignnone size-thumbnail wp-image-116\" src=\"https:\/\/iwk.de\/wp-content\/uploads\/sites\/22\/2020\/12\/plus-e1608153632530.png?w=37&amp;h=43&amp;crop=1\" alt=\"\" width=\"37\" height=\"43\" \/><\/a><\/div>\n<\/div>\n<\/div>\n<\/div>\n","protected":false},"excerpt":{"rendered":"<p>PLUS DE 10,000 INSTALLATIONS BIEN PLUS QU&rsquo;UNEPROMESSE Nos clients appr\u00e9cient que nous maintenions leurs machines en \u00e9tat de fonctionnement. Depuis 1893, dans le monde entier et \u00e0 toute heure de la journ\u00e9e. IWK EN BREF Depuis 1893, l\u2019entreprise IWK est devenue synonyme de hautes technologies gr\u00e2ce \u00e0 son expertise de l\u2019int\u00e9gration de ligne fournissant et&#8230;<\/p>\n<div class=\"post-button\"><a href=\"https:\/\/vipgo.atsautomation.com\/iwk-de\/fr\/%20%20\/fr-home\/\">Read More<\/a><\/div>\n","protected":false},"author":72,"featured_media":0,"parent":0,"menu_order":0,"comment_status":"closed","ping_status":"closed","template":"","meta":{"inline_featured_image":false,"footnotes":""},"class_list":["post-6382","page","type-page","status-publish","hentry"],"yoast_head":"<!-- This site is optimized with the Yoast SEO Premium plugin v26.8 (Yoast SEO v26.8) - https:\/\/yoast.com\/product\/yoast-seo-premium-wordpress\/ -->\n<title>home - Innovative And Customized Manufacturing Solutions<\/title>\n<meta name=\"robots\" content=\"index, follow, max-snippet:-1, max-image-preview:large, max-video-preview:-1\" \/>\n<link rel=\"canonical\" href=\"https:\/\/vipgo.atsautomation.com\/iwk-de\/fr\/%20%20\/fr-home\/\" \/>\n<meta property=\"og:locale\" content=\"fr_FR\" \/>\n<meta property=\"og:type\" content=\"article\" \/>\n<meta property=\"og:title\" content=\"home\" \/>\n<meta property=\"og:description\" content=\"PLUS DE 10,000 INSTALLATIONS BIEN PLUS QU&rsquo;UNEPROMESSE Nos clients appr\u00e9cient que nous maintenions leurs machines en \u00e9tat de fonctionnement. Depuis 1893, dans le monde entier et \u00e0 toute heure de la journ\u00e9e. IWK EN BREF Depuis 1893, l\u2019entreprise IWK est devenue synonyme de hautes technologies gr\u00e2ce \u00e0 son expertise de l\u2019int\u00e9gration de ligne fournissant et...Read More\" \/>\n<meta property=\"og:url\" content=\"https:\/\/vipgo.atsautomation.com\/iwk-de\/fr\/  \/fr-home\/\" \/>\n<meta property=\"og:site_name\" content=\"Innovative And Customized Manufacturing Solutions\" \/>\n<meta property=\"article:modified_time\" content=\"2023-03-28T07:07:02+00:00\" \/>\n<meta property=\"og:image\" content=\"https:\/\/iwk.de\/wp-content\/uploads\/sites\/22\/2021\/02\/two.png\" \/>\n<meta name=\"twitter:card\" content=\"summary_large_image\" \/>\n<meta name=\"twitter:label1\" content=\"Dur\u00e9e de lecture estim\u00e9e\" \/>\n\t<meta name=\"twitter:data1\" content=\"3 minutes\" \/>\n<script type=\"application\/ld+json\" class=\"yoast-schema-graph\">{\"@context\":\"https:\/\/schema.org\",\"@graph\":[{\"@type\":\"WebPage\",\"@id\":\"https:\/\/vipgo.atsautomation.com\/iwk-de\/fr\/%20%20\/fr-home\/\",\"url\":\"https:\/\/vipgo.atsautomation.com\/iwk-de\/fr\/%20%20\/fr-home\/\",\"name\":\"home - Innovative And Customized Manufacturing Solutions\",\"isPartOf\":{\"@id\":\"https:\/\/vipgo.atsautomation.com\/iwk-de\/%20%20\/#website\"},\"primaryImageOfPage\":{\"@id\":\"https:\/\/vipgo.atsautomation.com\/iwk-de\/fr\/%20%20\/fr-home\/#primaryimage\"},\"image\":{\"@id\":\"https:\/\/vipgo.atsautomation.com\/iwk-de\/fr\/%20%20\/fr-home\/#primaryimage\"},\"thumbnailUrl\":\"https:\/\/iwk.de\/wp-content\/uploads\/sites\/22\/2021\/02\/two.png\",\"datePublished\":\"2021-04-06T00:26:23+00:00\",\"dateModified\":\"2023-03-28T07:07:02+00:00\",\"breadcrumb\":{\"@id\":\"https:\/\/vipgo.atsautomation.com\/iwk-de\/fr\/%20%20\/fr-home\/#breadcrumb\"},\"inLanguage\":\"fr-FR\",\"potentialAction\":[{\"@type\":\"ReadAction\",\"target\":[\"https:\/\/vipgo.atsautomation.com\/iwk-de\/fr\/%20%20\/fr-home\/\"]}]},{\"@type\":\"ImageObject\",\"inLanguage\":\"fr-FR\",\"@id\":\"https:\/\/vipgo.atsautomation.com\/iwk-de\/fr\/%20%20\/fr-home\/#primaryimage\",\"url\":\"https:\/\/iwk.de\/wp-content\/uploads\/sites\/22\/2021\/02\/two.png\",\"contentUrl\":\"https:\/\/iwk.de\/wp-content\/uploads\/sites\/22\/2021\/02\/two.png\"},{\"@type\":\"BreadcrumbList\",\"@id\":\"https:\/\/vipgo.atsautomation.com\/iwk-de\/fr\/%20%20\/fr-home\/#breadcrumb\",\"itemListElement\":[{\"@type\":\"ListItem\",\"position\":1,\"name\":\"HOME\",\"item\":\"https:\/\/vipgo.atsautomation.com\/iwk-de\/fr\/%20%20\/\"},{\"@type\":\"ListItem\",\"position\":2,\"name\":\"home\"}]},{\"@type\":\"WebSite\",\"@id\":\"https:\/\/vipgo.atsautomation.com\/iwk-de\/%20%20\/#website\",\"url\":\"https:\/\/vipgo.atsautomation.com\/iwk-de\/%20%20\/\",\"name\":\"Innovative And Customized Manufacturing Solutions\",\"description\":\"\",\"publisher\":{\"@id\":\"https:\/\/vipgo.atsautomation.com\/iwk-de\/%20%20\/#organization\"},\"potentialAction\":[{\"@type\":\"SearchAction\",\"target\":{\"@type\":\"EntryPoint\",\"urlTemplate\":\"https:\/\/vipgo.atsautomation.com\/iwk-de\/%20%20\/?s={search_term_string}\"},\"query-input\":{\"@type\":\"PropertyValueSpecification\",\"valueRequired\":true,\"valueName\":\"search_term_string\"}}],\"inLanguage\":\"fr-FR\"},{\"@type\":\"Organization\",\"@id\":\"https:\/\/vipgo.atsautomation.com\/iwk-de\/%20%20\/#organization\",\"name\":\"Innovative And Customized Manufacturing Solutions\",\"url\":\"https:\/\/vipgo.atsautomation.com\/iwk-de\/%20%20\/\",\"logo\":{\"@type\":\"ImageObject\",\"inLanguage\":\"fr-FR\",\"@id\":\"https:\/\/vipgo.atsautomation.com\/iwk-de\/%20%20\/#\/schema\/logo\/image\/\",\"url\":\"https:\/\/vipgo.atsautomation.com\/iwk-de\/%20%20\/wp-content\/uploads\/sites\/22\/2023\/02\/LOGO_IWK_4c_Size_2.png\",\"contentUrl\":\"https:\/\/vipgo.atsautomation.com\/iwk-de\/%20%20\/wp-content\/uploads\/sites\/22\/2023\/02\/LOGO_IWK_4c_Size_2.png\",\"width\":238,\"height\":137,\"caption\":\"Innovative And Customized Manufacturing Solutions\"},\"image\":{\"@id\":\"https:\/\/vipgo.atsautomation.com\/iwk-de\/%20%20\/#\/schema\/logo\/image\/\"}}]}<\/script>\n<!-- \/ Yoast SEO Premium plugin. -->","yoast_head_json":{"title":"home - Innovative And Customized Manufacturing Solutions","robots":{"index":"index","follow":"follow","max-snippet":"max-snippet:-1","max-image-preview":"max-image-preview:large","max-video-preview":"max-video-preview:-1"},"canonical":"https:\/\/vipgo.atsautomation.com\/iwk-de\/fr\/  \/fr-home\/","og_locale":"fr_FR","og_type":"article","og_title":"home","og_description":"PLUS DE 10,000 INSTALLATIONS BIEN PLUS QU&rsquo;UNEPROMESSE Nos clients appr\u00e9cient que nous maintenions leurs machines en \u00e9tat de fonctionnement. Depuis 1893, dans le monde entier et \u00e0 toute heure de la journ\u00e9e. IWK EN BREF Depuis 1893, l\u2019entreprise IWK est devenue synonyme de hautes technologies gr\u00e2ce \u00e0 son expertise de l\u2019int\u00e9gration de ligne fournissant et...Read More","og_url":"https:\/\/vipgo.atsautomation.com\/iwk-de\/fr\/  \/fr-home\/","og_site_name":"Innovative And Customized Manufacturing Solutions","article_modified_time":"2023-03-28T07:07:02+00:00","og_image":[{"url":"https:\/\/iwk.de\/wp-content\/uploads\/sites\/22\/2021\/02\/two.png","type":"","width":"","height":""}],"twitter_card":"summary_large_image","twitter_misc":{"Dur\u00e9e de lecture estim\u00e9e":"3 minutes"},"schema":{"@context":"https:\/\/schema.org","@graph":[{"@type":"WebPage","@id":"https:\/\/vipgo.atsautomation.com\/iwk-de\/fr\/%20%20\/fr-home\/","url":"https:\/\/vipgo.atsautomation.com\/iwk-de\/fr\/%20%20\/fr-home\/","name":"home - Innovative And Customized Manufacturing Solutions","isPartOf":{"@id":"https:\/\/vipgo.atsautomation.com\/iwk-de\/%20%20\/#website"},"primaryImageOfPage":{"@id":"https:\/\/vipgo.atsautomation.com\/iwk-de\/fr\/%20%20\/fr-home\/#primaryimage"},"image":{"@id":"https:\/\/vipgo.atsautomation.com\/iwk-de\/fr\/%20%20\/fr-home\/#primaryimage"},"thumbnailUrl":"https:\/\/iwk.de\/wp-content\/uploads\/sites\/22\/2021\/02\/two.png","datePublished":"2021-04-06T00:26:23+00:00","dateModified":"2023-03-28T07:07:02+00:00","breadcrumb":{"@id":"https:\/\/vipgo.atsautomation.com\/iwk-de\/fr\/%20%20\/fr-home\/#breadcrumb"},"inLanguage":"fr-FR","potentialAction":[{"@type":"ReadAction","target":["https:\/\/vipgo.atsautomation.com\/iwk-de\/fr\/%20%20\/fr-home\/"]}]},{"@type":"ImageObject","inLanguage":"fr-FR","@id":"https:\/\/vipgo.atsautomation.com\/iwk-de\/fr\/%20%20\/fr-home\/#primaryimage","url":"https:\/\/iwk.de\/wp-content\/uploads\/sites\/22\/2021\/02\/two.png","contentUrl":"https:\/\/iwk.de\/wp-content\/uploads\/sites\/22\/2021\/02\/two.png"},{"@type":"BreadcrumbList","@id":"https:\/\/vipgo.atsautomation.com\/iwk-de\/fr\/%20%20\/fr-home\/#breadcrumb","itemListElement":[{"@type":"ListItem","position":1,"name":"HOME","item":"https:\/\/vipgo.atsautomation.com\/iwk-de\/fr\/%20%20\/"},{"@type":"ListItem","position":2,"name":"home"}]},{"@type":"WebSite","@id":"https:\/\/vipgo.atsautomation.com\/iwk-de\/%20%20\/#website","url":"https:\/\/vipgo.atsautomation.com\/iwk-de\/%20%20\/","name":"Innovative And Customized Manufacturing Solutions","description":"","publisher":{"@id":"https:\/\/vipgo.atsautomation.com\/iwk-de\/%20%20\/#organization"},"potentialAction":[{"@type":"SearchAction","target":{"@type":"EntryPoint","urlTemplate":"https:\/\/vipgo.atsautomation.com\/iwk-de\/%20%20\/?s={search_term_string}"},"query-input":{"@type":"PropertyValueSpecification","valueRequired":true,"valueName":"search_term_string"}}],"inLanguage":"fr-FR"},{"@type":"Organization","@id":"https:\/\/vipgo.atsautomation.com\/iwk-de\/%20%20\/#organization","name":"Innovative And Customized Manufacturing Solutions","url":"https:\/\/vipgo.atsautomation.com\/iwk-de\/%20%20\/","logo":{"@type":"ImageObject","inLanguage":"fr-FR","@id":"https:\/\/vipgo.atsautomation.com\/iwk-de\/%20%20\/#\/schema\/logo\/image\/","url":"https:\/\/vipgo.atsautomation.com\/iwk-de\/%20%20\/wp-content\/uploads\/sites\/22\/2023\/02\/LOGO_IWK_4c_Size_2.png","contentUrl":"https:\/\/vipgo.atsautomation.com\/iwk-de\/%20%20\/wp-content\/uploads\/sites\/22\/2023\/02\/LOGO_IWK_4c_Size_2.png","width":238,"height":137,"caption":"Innovative And Customized Manufacturing Solutions"},"image":{"@id":"https:\/\/vipgo.atsautomation.com\/iwk-de\/%20%20\/#\/schema\/logo\/image\/"}}]}},"jetpack_sharing_enabled":true,"_links":{"self":[{"href":"https:\/\/vipgo.atsautomation.com\/iwk-de\/fr\/%20%20\/wp-json\/wp\/v2\/pages\/6382","targetHints":{"allow":["GET"]}}],"collection":[{"href":"https:\/\/vipgo.atsautomation.com\/iwk-de\/fr\/%20%20\/wp-json\/wp\/v2\/pages"}],"about":[{"href":"https:\/\/vipgo.atsautomation.com\/iwk-de\/fr\/%20%20\/wp-json\/wp\/v2\/types\/page"}],"author":[{"embeddable":true,"href":"https:\/\/vipgo.atsautomation.com\/iwk-de\/fr\/%20%20\/wp-json\/wp\/v2\/users\/72"}],"replies":[{"embeddable":true,"href":"https:\/\/vipgo.atsautomation.com\/iwk-de\/fr\/%20%20\/wp-json\/wp\/v2\/comments?post=6382"}],"version-history":[{"count":7,"href":"https:\/\/vipgo.atsautomation.com\/iwk-de\/fr\/%20%20\/wp-json\/wp\/v2\/pages\/6382\/revisions"}],"predecessor-version":[{"id":10902,"href":"https:\/\/vipgo.atsautomation.com\/iwk-de\/fr\/%20%20\/wp-json\/wp\/v2\/pages\/6382\/revisions\/10902"}],"wp:attachment":[{"href":"https:\/\/vipgo.atsautomation.com\/iwk-de\/fr\/%20%20\/wp-json\/wp\/v2\/media?parent=6382"}],"curies":[{"name":"wp","href":"https:\/\/api.w.org\/{rel}","templated":true}]}}