{"id":6635,"date":"2021-05-17T13:37:41","date_gmt":"2021-05-17T13:37:41","guid":{"rendered":"https:\/\/iwk.de\/?page_id=6635"},"modified":"2023-03-28T07:05:02","modified_gmt":"2023-03-28T07:05:02","slug":"hi-and-welcome-to-iwk-2","status":"publish","type":"page","link":"https:\/\/vipgo.atsautomation.com\/iwk-de\/fr\/%20%20\/hi-and-welcome-to-iwk-2\/","title":{"rendered":"BONJOUR ET BIENVENUE SUR IWK !"},"content":{"rendered":"<div class=\"home-main row\">\n<span><span><a href=\"https:\/\/vipgo.atsautomation.com\/iwk-de\/fr\/%20%20\/\">HOME<\/a><\/span><\/span><\/p>\n<div class=\"iwk-col-width\" style=\"\n \"><\/p>\n<h3 style=\"color:#2160ab;\">Comment le dentifrice se retrouve-t-il dans le tube ?<\/h3>\n<p>Si vous voulez trouver la r\u00e9ponse \u00e0 cette question et \u00e0 d&rsquo;autres questions bouleversantes, vous devriez venir \u00e0 l&rsquo;IWK &#8211; que vous soyez un \u00e9tudiant scolaire ou universitaire ou que vous souhaitiez compl\u00e9ter votre programme d&rsquo;\u00e9tudes doubles avec nous.<\/p>\n<\/div>\n<div class=\"iwk-col-width1\" style=\"margin-top:49px;\">\n<h3 style=\"color:#2160ab;\">More Information<\/h3>\n<p><a href=\"\/iwk\/?page_id=2900\" onmouseover=\"this.style.textDecoration='underline';\" onmouseout=\"this.style.textDecoration='none';\" style=\" color:#707070;\" >Why Iwk<\/a><br \/>\n<a href=\"\/iwk\/?page_id=3017\" onmouseover=\"this.style.textDecoration='underline';\" onmouseout=\"this.style.textDecoration='none';\" style=\"color:#707070;\">Pupils<\/a><br \/>\n<a href=\"\/iwk\/?page_id=3045\" onmouseover=\"this.style.textDecoration='underline';\" onmouseout=\"this.style.textDecoration='none';\" style=\"color:#707070;\">Students<\/a><br \/>\n<a href=\"\/iwk\/?page_id=3053\" onmouseover=\"this.style.textDecoration='underline';\" onmouseout=\"this.style.textDecoration='none';\" style=\"color:#707070;\">Your application<\/a><br \/>\n<a href=\"\/iwk\/?page_id=3065\" onmouseover=\"this.style.textDecoration='underline';\" onmouseout=\"this.style.textDecoration='none';\" style=\"color:#707070;\">Contact Us<\/a><\/p>\n<\/div>\n<\/div>\n<div class=\"start\">\n<div class=\"home-main row\">\n<div class=\"row\">\n<div class=\"student-left\">\n<figure><a href=\"\/iwk\/?page_id=2900\" target=\"_self\" rel=\"noopener\"><img loading=\"lazy\" decoding=\"async\" class=\"image-embed-item\" src=\"https:\/\/iwk.de\/wp-content\/uploads\/sites\/22\/2021\/01\/whyiwk.png\" alt=\"\" width=\"255\" height=\"258\" \/><\/a><\/figure>\n<\/div>\n<div class=\"student-text\">\n<p>POURQUOI L&rsquo;IWK ?<\/p>\n<h3><a href=\"\/iwk\/?page_id=2900\" target=\"_self\" rel=\"noopener\">Plus de 130 ans \u00e0 nous r\u00e9inventer chaque jour<\/a><\/h3>\n<p><a href=\"\/iwk\/?page_id=2900\" target=\"_self\" rel=\"noopener\"><img loading=\"lazy\" decoding=\"async\" src=\"https:\/\/iwk.de\/wp-content\/uploads\/sites\/22\/2021\/01\/stu-plus.jpg\" width=\"40\" height=\"40\" \/><\/a><\/p>\n<\/div>\n<\/div>\n<div class=\"row\">\n<div class=\"student-right\">\n<figure><a href=\"\/iwk\/?page_id=3017\" target=\"_self\" rel=\"noopener\"><img loading=\"lazy\" decoding=\"async\" class=\"image-embed-item\" src=\"https:\/\/iwk.de\/wp-content\/uploads\/sites\/22\/2021\/01\/pupils.png\" alt=\"\" width=\"255\" height=\"258\" \/><\/a><\/figure>\n<\/div>\n<div class=\"student-text-right\">\n<p>\u00c9L\u00c8VES<\/p>\n<h3><a href=\"\/iwk\/?page_id=3017\" target=\"_self\" rel=\"noopener\">Envie de go\u00fbter ou de vous lancer ?<\/a><\/h3>\n<p><a href=\"\/iwk\/?page_id=3017\" target=\"_self\" rel=\"noopener\"><img loading=\"lazy\" decoding=\"async\" src=\"https:\/\/iwk.de\/wp-content\/uploads\/sites\/22\/2021\/01\/stu-plus.jpg\" width=\"40\" height=\"40\" \/><\/a><\/p>\n<\/div>\n<\/div>\n<div class=\"row\">\n<div class=\"student-left\">\n<figure><a href=\"\/iwk\/?page_id=3045\" target=\"_self\" rel=\"noopener\"><img loading=\"lazy\" decoding=\"async\" class=\"image-embed-item\" src=\"https:\/\/iwk.de\/wp-content\/uploads\/sites\/22\/2021\/01\/students.png\" alt=\"\" width=\"255\" height=\"258\" \/><\/a><\/figure>\n<\/div>\n<div class=\"student-text\">\n<p>\u00c9TUDIANTS<\/p>\n<h3><a href=\"\/iwk\/?page_id=3045\" target=\"_self\" rel=\"noopener\">Vous ne le saurez pas si vous n&rsquo;essayez pas ! C&rsquo;est la m\u00e9thode IWK.<\/a><\/h3>\n<p><a href=\"\/iwk\/?page_id=3045\" target=\"_self\" rel=\"noopener\"><img loading=\"lazy\" decoding=\"async\" src=\"https:\/\/iwk.de\/wp-content\/uploads\/sites\/22\/2021\/02\/grey-plus.jpg\" width=\"50\" height=\"50\" \/><\/a><\/p>\n<\/div>\n<\/div>\n<div class=\"row\">\n<div class=\"student-right\">\n<figure><a href=\"\/iwk\/?page_id=3053\" target=\"_self\" rel=\"noopener\"><img loading=\"lazy\" decoding=\"async\" class=\"image-embed-item\" src=\"https:\/\/iwk.de\/wp-content\/uploads\/sites\/22\/2021\/01\/application.jpg\" alt=\"\" width=\"255\" height=\"258\" \/><\/a><\/figure>\n<\/div>\n<div class=\"student-text-right\">\n<p>VOTRE CANDIDATURE<\/p>\n<h3><a href=\"\/iwk\/?page_id=3053\" target=\"_self\" rel=\"noopener\">A vos marques, pr\u00eats, postulez !<\/a><\/h3>\n<p><a href=\"\/iwk\/?page_id=3053\" target=\"_self\" rel=\"noopener\"><img loading=\"lazy\" decoding=\"async\" src=\"https:\/\/iwk.de\/wp-content\/uploads\/sites\/22\/2021\/02\/white-plus.jpg\" width=\"40\" height=\"40\" \/><\/a><\/p>\n<\/div>\n<\/div>\n<\/div>\n<\/div>\n","protected":false},"excerpt":{"rendered":"<p>Comment le dentifrice se retrouve-t-il dans le tube ? Si vous voulez trouver la r\u00e9ponse \u00e0 cette question et \u00e0 d&rsquo;autres questions bouleversantes, vous devriez venir \u00e0 l&rsquo;IWK &#8211; que vous soyez un \u00e9tudiant scolaire ou universitaire ou que vous souhaitiez compl\u00e9ter votre programme d&rsquo;\u00e9tudes doubles avec nous. More Information Why Iwk Pupils Students Your&#8230;<\/p>\n<div class=\"post-button\"><a href=\"https:\/\/vipgo.atsautomation.com\/iwk-de\/fr\/%20%20\/hi-and-welcome-to-iwk-2\/\">Read More<\/a><\/div>\n","protected":false},"author":72,"featured_media":2709,"parent":0,"menu_order":0,"comment_status":"closed","ping_status":"closed","template":"","meta":{"inline_featured_image":false,"footnotes":""},"class_list":["post-6635","page","type-page","status-publish","has-post-thumbnail","hentry"],"yoast_head":"<!-- This site is optimized with the Yoast SEO Premium plugin v26.8 (Yoast SEO v26.8) - https:\/\/yoast.com\/product\/yoast-seo-premium-wordpress\/ -->\n<title>BONJOUR ET BIENVENUE SUR IWK ! - Innovative And Customized Manufacturing Solutions<\/title>\n<meta name=\"robots\" content=\"index, follow, max-snippet:-1, max-image-preview:large, max-video-preview:-1\" \/>\n<link rel=\"canonical\" href=\"https:\/\/vipgo.atsautomation.com\/iwk-de\/fr\/%20%20\/hi-and-welcome-to-iwk-2\/\" \/>\n<meta property=\"og:locale\" content=\"fr_FR\" \/>\n<meta property=\"og:type\" content=\"article\" \/>\n<meta property=\"og:title\" content=\"BONJOUR ET BIENVENUE SUR IWK !\" \/>\n<meta property=\"og:description\" content=\"Comment le dentifrice se retrouve-t-il dans le tube ? Si vous voulez trouver la r\u00e9ponse \u00e0 cette question et \u00e0 d&rsquo;autres questions bouleversantes, vous devriez venir \u00e0 l&rsquo;IWK &#8211; que vous soyez un \u00e9tudiant scolaire ou universitaire ou que vous souhaitiez compl\u00e9ter votre programme d&rsquo;\u00e9tudes doubles avec nous. More Information Why Iwk Pupils Students Your...Read More\" \/>\n<meta property=\"og:url\" content=\"https:\/\/vipgo.atsautomation.com\/iwk-de\/fr\/  \/hi-and-welcome-to-iwk-2\/\" \/>\n<meta property=\"og:site_name\" content=\"Innovative And Customized Manufacturing Solutions\" \/>\n<meta property=\"article:modified_time\" content=\"2023-03-28T07:05:02+00:00\" \/>\n<meta property=\"og:image\" content=\"https:\/\/vipgo.atsautomation.com\/iwk-de\/%20%20\/wp-content\/uploads\/sites\/22\/2021\/01\/students-pic.jpg\" \/>\n\t<meta property=\"og:image:width\" content=\"1898\" \/>\n\t<meta property=\"og:image:height\" content=\"732\" \/>\n\t<meta property=\"og:image:type\" content=\"image\/jpeg\" \/>\n<meta name=\"twitter:card\" content=\"summary_large_image\" \/>\n<meta name=\"twitter:label1\" content=\"Dur\u00e9e de lecture estim\u00e9e\" \/>\n\t<meta name=\"twitter:data1\" content=\"3 minutes\" \/>\n<script type=\"application\/ld+json\" class=\"yoast-schema-graph\">{\"@context\":\"https:\/\/schema.org\",\"@graph\":[{\"@type\":\"WebPage\",\"@id\":\"https:\/\/vipgo.atsautomation.com\/iwk-de\/fr\/%20%20\/hi-and-welcome-to-iwk-2\/\",\"url\":\"https:\/\/vipgo.atsautomation.com\/iwk-de\/fr\/%20%20\/hi-and-welcome-to-iwk-2\/\",\"name\":\"BONJOUR ET BIENVENUE SUR IWK ! - Innovative And Customized Manufacturing Solutions\",\"isPartOf\":{\"@id\":\"https:\/\/vipgo.atsautomation.com\/iwk-de\/%20%20\/#website\"},\"primaryImageOfPage\":{\"@id\":\"https:\/\/vipgo.atsautomation.com\/iwk-de\/fr\/%20%20\/hi-and-welcome-to-iwk-2\/#primaryimage\"},\"image\":{\"@id\":\"https:\/\/vipgo.atsautomation.com\/iwk-de\/fr\/%20%20\/hi-and-welcome-to-iwk-2\/#primaryimage\"},\"thumbnailUrl\":\"https:\/\/vipgo.atsautomation.com\/iwk-de\/%20%20\/wp-content\/uploads\/sites\/22\/2021\/01\/students-pic.jpg\",\"datePublished\":\"2021-05-17T13:37:41+00:00\",\"dateModified\":\"2023-03-28T07:05:02+00:00\",\"breadcrumb\":{\"@id\":\"https:\/\/vipgo.atsautomation.com\/iwk-de\/fr\/%20%20\/hi-and-welcome-to-iwk-2\/#breadcrumb\"},\"inLanguage\":\"fr-FR\",\"potentialAction\":[{\"@type\":\"ReadAction\",\"target\":[\"https:\/\/vipgo.atsautomation.com\/iwk-de\/fr\/%20%20\/hi-and-welcome-to-iwk-2\/\"]}]},{\"@type\":\"ImageObject\",\"inLanguage\":\"fr-FR\",\"@id\":\"https:\/\/vipgo.atsautomation.com\/iwk-de\/fr\/%20%20\/hi-and-welcome-to-iwk-2\/#primaryimage\",\"url\":\"https:\/\/vipgo.atsautomation.com\/iwk-de\/%20%20\/wp-content\/uploads\/sites\/22\/2021\/01\/students-pic.jpg\",\"contentUrl\":\"https:\/\/vipgo.atsautomation.com\/iwk-de\/%20%20\/wp-content\/uploads\/sites\/22\/2021\/01\/students-pic.jpg\",\"width\":1898,\"height\":732},{\"@type\":\"BreadcrumbList\",\"@id\":\"https:\/\/vipgo.atsautomation.com\/iwk-de\/fr\/%20%20\/hi-and-welcome-to-iwk-2\/#breadcrumb\",\"itemListElement\":[{\"@type\":\"ListItem\",\"position\":1,\"name\":\"HOME\",\"item\":\"https:\/\/vipgo.atsautomation.com\/iwk-de\/fr\/%20%20\/\"},{\"@type\":\"ListItem\",\"position\":2,\"name\":\"BONJOUR ET BIENVENUE SUR IWK !\"}]},{\"@type\":\"WebSite\",\"@id\":\"https:\/\/vipgo.atsautomation.com\/iwk-de\/%20%20\/#website\",\"url\":\"https:\/\/vipgo.atsautomation.com\/iwk-de\/%20%20\/\",\"name\":\"Innovative And Customized Manufacturing Solutions\",\"description\":\"\",\"publisher\":{\"@id\":\"https:\/\/vipgo.atsautomation.com\/iwk-de\/%20%20\/#organization\"},\"potentialAction\":[{\"@type\":\"SearchAction\",\"target\":{\"@type\":\"EntryPoint\",\"urlTemplate\":\"https:\/\/vipgo.atsautomation.com\/iwk-de\/%20%20\/?s={search_term_string}\"},\"query-input\":{\"@type\":\"PropertyValueSpecification\",\"valueRequired\":true,\"valueName\":\"search_term_string\"}}],\"inLanguage\":\"fr-FR\"},{\"@type\":\"Organization\",\"@id\":\"https:\/\/vipgo.atsautomation.com\/iwk-de\/%20%20\/#organization\",\"name\":\"Innovative And Customized Manufacturing Solutions\",\"url\":\"https:\/\/vipgo.atsautomation.com\/iwk-de\/%20%20\/\",\"logo\":{\"@type\":\"ImageObject\",\"inLanguage\":\"fr-FR\",\"@id\":\"https:\/\/vipgo.atsautomation.com\/iwk-de\/%20%20\/#\/schema\/logo\/image\/\",\"url\":\"https:\/\/vipgo.atsautomation.com\/iwk-de\/%20%20\/wp-content\/uploads\/sites\/22\/2023\/02\/LOGO_IWK_4c_Size_2.png\",\"contentUrl\":\"https:\/\/vipgo.atsautomation.com\/iwk-de\/%20%20\/wp-content\/uploads\/sites\/22\/2023\/02\/LOGO_IWK_4c_Size_2.png\",\"width\":238,\"height\":137,\"caption\":\"Innovative And Customized Manufacturing Solutions\"},\"image\":{\"@id\":\"https:\/\/vipgo.atsautomation.com\/iwk-de\/%20%20\/#\/schema\/logo\/image\/\"}}]}<\/script>\n<!-- \/ Yoast SEO Premium plugin. -->","yoast_head_json":{"title":"BONJOUR ET BIENVENUE SUR IWK ! - Innovative And Customized Manufacturing Solutions","robots":{"index":"index","follow":"follow","max-snippet":"max-snippet:-1","max-image-preview":"max-image-preview:large","max-video-preview":"max-video-preview:-1"},"canonical":"https:\/\/vipgo.atsautomation.com\/iwk-de\/fr\/  \/hi-and-welcome-to-iwk-2\/","og_locale":"fr_FR","og_type":"article","og_title":"BONJOUR ET BIENVENUE SUR IWK !","og_description":"Comment le dentifrice se retrouve-t-il dans le tube ? Si vous voulez trouver la r\u00e9ponse \u00e0 cette question et \u00e0 d&rsquo;autres questions bouleversantes, vous devriez venir \u00e0 l&rsquo;IWK &#8211; que vous soyez un \u00e9tudiant scolaire ou universitaire ou que vous souhaitiez compl\u00e9ter votre programme d&rsquo;\u00e9tudes doubles avec nous. More Information Why Iwk Pupils Students Your...Read More","og_url":"https:\/\/vipgo.atsautomation.com\/iwk-de\/fr\/  \/hi-and-welcome-to-iwk-2\/","og_site_name":"Innovative And Customized Manufacturing Solutions","article_modified_time":"2023-03-28T07:05:02+00:00","og_image":[{"width":1898,"height":732,"url":"https:\/\/vipgo.atsautomation.com\/iwk-de\/%20%20\/wp-content\/uploads\/sites\/22\/2021\/01\/students-pic.jpg","type":"image\/jpeg"}],"twitter_card":"summary_large_image","twitter_misc":{"Dur\u00e9e de lecture estim\u00e9e":"3 minutes"},"schema":{"@context":"https:\/\/schema.org","@graph":[{"@type":"WebPage","@id":"https:\/\/vipgo.atsautomation.com\/iwk-de\/fr\/%20%20\/hi-and-welcome-to-iwk-2\/","url":"https:\/\/vipgo.atsautomation.com\/iwk-de\/fr\/%20%20\/hi-and-welcome-to-iwk-2\/","name":"BONJOUR ET BIENVENUE SUR IWK ! - Innovative And Customized Manufacturing Solutions","isPartOf":{"@id":"https:\/\/vipgo.atsautomation.com\/iwk-de\/%20%20\/#website"},"primaryImageOfPage":{"@id":"https:\/\/vipgo.atsautomation.com\/iwk-de\/fr\/%20%20\/hi-and-welcome-to-iwk-2\/#primaryimage"},"image":{"@id":"https:\/\/vipgo.atsautomation.com\/iwk-de\/fr\/%20%20\/hi-and-welcome-to-iwk-2\/#primaryimage"},"thumbnailUrl":"https:\/\/vipgo.atsautomation.com\/iwk-de\/%20%20\/wp-content\/uploads\/sites\/22\/2021\/01\/students-pic.jpg","datePublished":"2021-05-17T13:37:41+00:00","dateModified":"2023-03-28T07:05:02+00:00","breadcrumb":{"@id":"https:\/\/vipgo.atsautomation.com\/iwk-de\/fr\/%20%20\/hi-and-welcome-to-iwk-2\/#breadcrumb"},"inLanguage":"fr-FR","potentialAction":[{"@type":"ReadAction","target":["https:\/\/vipgo.atsautomation.com\/iwk-de\/fr\/%20%20\/hi-and-welcome-to-iwk-2\/"]}]},{"@type":"ImageObject","inLanguage":"fr-FR","@id":"https:\/\/vipgo.atsautomation.com\/iwk-de\/fr\/%20%20\/hi-and-welcome-to-iwk-2\/#primaryimage","url":"https:\/\/vipgo.atsautomation.com\/iwk-de\/%20%20\/wp-content\/uploads\/sites\/22\/2021\/01\/students-pic.jpg","contentUrl":"https:\/\/vipgo.atsautomation.com\/iwk-de\/%20%20\/wp-content\/uploads\/sites\/22\/2021\/01\/students-pic.jpg","width":1898,"height":732},{"@type":"BreadcrumbList","@id":"https:\/\/vipgo.atsautomation.com\/iwk-de\/fr\/%20%20\/hi-and-welcome-to-iwk-2\/#breadcrumb","itemListElement":[{"@type":"ListItem","position":1,"name":"HOME","item":"https:\/\/vipgo.atsautomation.com\/iwk-de\/fr\/%20%20\/"},{"@type":"ListItem","position":2,"name":"BONJOUR ET BIENVENUE SUR IWK !"}]},{"@type":"WebSite","@id":"https:\/\/vipgo.atsautomation.com\/iwk-de\/%20%20\/#website","url":"https:\/\/vipgo.atsautomation.com\/iwk-de\/%20%20\/","name":"Innovative And Customized Manufacturing Solutions","description":"","publisher":{"@id":"https:\/\/vipgo.atsautomation.com\/iwk-de\/%20%20\/#organization"},"potentialAction":[{"@type":"SearchAction","target":{"@type":"EntryPoint","urlTemplate":"https:\/\/vipgo.atsautomation.com\/iwk-de\/%20%20\/?s={search_term_string}"},"query-input":{"@type":"PropertyValueSpecification","valueRequired":true,"valueName":"search_term_string"}}],"inLanguage":"fr-FR"},{"@type":"Organization","@id":"https:\/\/vipgo.atsautomation.com\/iwk-de\/%20%20\/#organization","name":"Innovative And Customized Manufacturing Solutions","url":"https:\/\/vipgo.atsautomation.com\/iwk-de\/%20%20\/","logo":{"@type":"ImageObject","inLanguage":"fr-FR","@id":"https:\/\/vipgo.atsautomation.com\/iwk-de\/%20%20\/#\/schema\/logo\/image\/","url":"https:\/\/vipgo.atsautomation.com\/iwk-de\/%20%20\/wp-content\/uploads\/sites\/22\/2023\/02\/LOGO_IWK_4c_Size_2.png","contentUrl":"https:\/\/vipgo.atsautomation.com\/iwk-de\/%20%20\/wp-content\/uploads\/sites\/22\/2023\/02\/LOGO_IWK_4c_Size_2.png","width":238,"height":137,"caption":"Innovative And Customized Manufacturing Solutions"},"image":{"@id":"https:\/\/vipgo.atsautomation.com\/iwk-de\/%20%20\/#\/schema\/logo\/image\/"}}]}},"jetpack_sharing_enabled":true,"_links":{"self":[{"href":"https:\/\/vipgo.atsautomation.com\/iwk-de\/fr\/%20%20\/wp-json\/wp\/v2\/pages\/6635","targetHints":{"allow":["GET"]}}],"collection":[{"href":"https:\/\/vipgo.atsautomation.com\/iwk-de\/fr\/%20%20\/wp-json\/wp\/v2\/pages"}],"about":[{"href":"https:\/\/vipgo.atsautomation.com\/iwk-de\/fr\/%20%20\/wp-json\/wp\/v2\/types\/page"}],"author":[{"embeddable":true,"href":"https:\/\/vipgo.atsautomation.com\/iwk-de\/fr\/%20%20\/wp-json\/wp\/v2\/users\/72"}],"replies":[{"embeddable":true,"href":"https:\/\/vipgo.atsautomation.com\/iwk-de\/fr\/%20%20\/wp-json\/wp\/v2\/comments?post=6635"}],"version-history":[{"count":3,"href":"https:\/\/vipgo.atsautomation.com\/iwk-de\/fr\/%20%20\/wp-json\/wp\/v2\/pages\/6635\/revisions"}],"predecessor-version":[{"id":10900,"href":"https:\/\/vipgo.atsautomation.com\/iwk-de\/fr\/%20%20\/wp-json\/wp\/v2\/pages\/6635\/revisions\/10900"}],"wp:featuredmedia":[{"embeddable":true,"href":"https:\/\/vipgo.atsautomation.com\/iwk-de\/fr\/%20%20\/wp-json\/wp\/v2\/media\/2709"}],"wp:attachment":[{"href":"https:\/\/vipgo.atsautomation.com\/iwk-de\/fr\/%20%20\/wp-json\/wp\/v2\/media?parent=6635"}],"curies":[{"name":"wp","href":"https:\/\/api.w.org\/{rel}","templated":true}]}}