{"id":9488,"date":"2022-03-09T14:51:02","date_gmt":"2022-03-09T14:51:02","guid":{"rendered":"https:\/\/iwk.de\/?page_id=9488"},"modified":"2022-04-11T10:22:33","modified_gmt":"2022-04-11T10:22:33","slug":"upgrade-catalogue-2","status":"publish","type":"page","link":"https:\/\/vipgo.atsautomation.com\/iwk-de\/fr\/%20%20\/servicefr\/upgrade-catalogue-2\/","title":{"rendered":"CATALOGUE DES MISES \u00c0 NIVEAU"},"content":{"rendered":"<div class=\"home-main row\"><span><span><a href=\"https:\/\/vipgo.atsautomation.com\/iwk-de\/fr\/%20%20\/\">HOME<\/a><\/span><\/span><br \/>\n<img decoding=\"async\" class=\"alignnone size-medium wp-image-8013\" style=\"height: 6px; width: 70%; margin-top: 30px;\" src=\"https:\/\/iwk.de\/wp-content\/uploads\/sites\/22\/2021\/10\/GRAPHICS-IWK_color_gradient_bar.png?w=300\" alt=\"\" width=\"70%\" height=\"6px\" srcset=\"https:\/\/vipgo.atsautomation.com\/iwk-de\/%20%20\/wp-content\/uploads\/sites\/22\/2021\/10\/GRAPHICS-IWK_color_gradient_bar.png 1584w, https:\/\/vipgo.atsautomation.com\/iwk-de\/%20%20\/wp-content\/uploads\/sites\/22\/2021\/10\/GRAPHICS-IWK_color_gradient_bar.png?resize=300,6 300w, https:\/\/vipgo.atsautomation.com\/iwk-de\/%20%20\/wp-content\/uploads\/sites\/22\/2021\/10\/GRAPHICS-IWK_color_gradient_bar.png?resize=768,16 768w, https:\/\/vipgo.atsautomation.com\/iwk-de\/%20%20\/wp-content\/uploads\/sites\/22\/2021\/10\/GRAPHICS-IWK_color_gradient_bar.png?resize=1024,22 1024w, https:\/\/vipgo.atsautomation.com\/iwk-de\/%20%20\/wp-content\/uploads\/sites\/22\/2021\/10\/GRAPHICS-IWK_color_gradient_bar.png?resize=1536,33 1536w, https:\/\/vipgo.atsautomation.com\/iwk-de\/%20%20\/wp-content\/uploads\/sites\/22\/2021\/10\/GRAPHICS-IWK_color_gradient_bar.png?resize=700,15 700w\" sizes=\"(max-width: 1584px) 100vw, 1584px\" \/><\/p>\n<div class=\"machineMixedHeader\">\n<h4 class=\"newMachineHeader\">CONVERSIONS ET MISES \u00c0 NIVEAU<\/h4>\n<h1 class=\"newMachineHeader\">TOUT EN UN COUP D&rsquo;\u0152IL<\/h1>\n<\/div>\n<p>[3d-flip-book mode=\u00a0\u00bbfullscreen\u00a0\u00bb id=\u00a0\u00bb9521&Prime;][\/3d-flip-book]<br \/>\n<a class=\"backLink\" href=\"https:\/\/iwk.de\/fr\/servicefr\/\" target=\"_self\" rel=\"noopener\">RETOUR VERS \u201eSERVICE\u201c<\/a>\n<\/div>\n","protected":false},"excerpt":{"rendered":"<p>CONVERSIONS ET MISES \u00c0 NIVEAU TOUT EN UN COUP D&rsquo;\u0152IL [3d-flip-book mode=\u00a0\u00bbfullscreen\u00a0\u00bb id=\u00a0\u00bb9521&Prime;][\/3d-flip-book] RETOUR VERS \u201eSERVICE\u201c<\/p>\n","protected":false},"author":63,"featured_media":9282,"parent":2816,"menu_order":0,"comment_status":"closed","ping_status":"closed","template":"","meta":{"inline_featured_image":false,"footnotes":""},"class_list":["post-9488","page","type-page","status-publish","has-post-thumbnail","hentry"],"yoast_head":"<!-- This site is optimized with the Yoast SEO Premium plugin v26.8 (Yoast SEO v26.8) - https:\/\/yoast.com\/product\/yoast-seo-premium-wordpress\/ -->\n<title>CATALOGUE DES MISES \u00c0 NIVEAU - Innovative And Customized Manufacturing Solutions<\/title>\n<meta name=\"robots\" content=\"index, follow, max-snippet:-1, max-image-preview:large, max-video-preview:-1\" \/>\n<link rel=\"canonical\" href=\"https:\/\/vipgo.atsautomation.com\/iwk-de\/fr\/%20%20\/servicefr\/upgrade-catalogue-2\/\" \/>\n<meta property=\"og:locale\" content=\"fr_FR\" \/>\n<meta property=\"og:type\" content=\"article\" \/>\n<meta property=\"og:title\" content=\"CATALOGUE DES MISES \u00c0 NIVEAU\" \/>\n<meta property=\"og:description\" content=\"CONVERSIONS ET MISES \u00c0 NIVEAU TOUT EN UN COUP D&rsquo;\u0152IL [3d-flip-book mode=\u00a0\u00bbfullscreen\u00a0\u00bb id=\u00a0\u00bb9521&Prime;][\/3d-flip-book] RETOUR VERS \u201eSERVICE\u201c\" \/>\n<meta property=\"og:url\" content=\"https:\/\/vipgo.atsautomation.com\/iwk-de\/fr\/  \/servicefr\/upgrade-catalogue-2\/\" \/>\n<meta property=\"og:site_name\" content=\"Innovative And Customized Manufacturing Solutions\" \/>\n<meta property=\"article:modified_time\" content=\"2022-04-11T10:22:33+00:00\" \/>\n<meta property=\"og:image\" content=\"https:\/\/vipgo.atsautomation.com\/iwk-de\/%20%20\/wp-content\/uploads\/sites\/22\/2022\/03\/IMG-HEADER_Upgrade_Katalog.jpg\" \/>\n\t<meta property=\"og:image:width\" content=\"1839\" \/>\n\t<meta property=\"og:image:height\" content=\"732\" \/>\n\t<meta property=\"og:image:type\" content=\"image\/jpeg\" \/>\n<meta name=\"twitter:card\" content=\"summary_large_image\" \/>\n<script type=\"application\/ld+json\" class=\"yoast-schema-graph\">{\"@context\":\"https:\/\/schema.org\",\"@graph\":[{\"@type\":\"WebPage\",\"@id\":\"https:\/\/vipgo.atsautomation.com\/iwk-de\/fr\/%20%20\/servicefr\/upgrade-catalogue-2\/\",\"url\":\"https:\/\/vipgo.atsautomation.com\/iwk-de\/fr\/%20%20\/servicefr\/upgrade-catalogue-2\/\",\"name\":\"CATALOGUE DES MISES \u00c0 NIVEAU - Innovative And Customized Manufacturing Solutions\",\"isPartOf\":{\"@id\":\"https:\/\/vipgo.atsautomation.com\/iwk-de\/%20%20\/#website\"},\"primaryImageOfPage\":{\"@id\":\"https:\/\/vipgo.atsautomation.com\/iwk-de\/fr\/%20%20\/servicefr\/upgrade-catalogue-2\/#primaryimage\"},\"image\":{\"@id\":\"https:\/\/vipgo.atsautomation.com\/iwk-de\/fr\/%20%20\/servicefr\/upgrade-catalogue-2\/#primaryimage\"},\"thumbnailUrl\":\"https:\/\/vipgo.atsautomation.com\/iwk-de\/%20%20\/wp-content\/uploads\/sites\/22\/2022\/03\/IMG-HEADER_Upgrade_Katalog.jpg\",\"datePublished\":\"2022-03-09T14:51:02+00:00\",\"dateModified\":\"2022-04-11T10:22:33+00:00\",\"breadcrumb\":{\"@id\":\"https:\/\/vipgo.atsautomation.com\/iwk-de\/fr\/%20%20\/servicefr\/upgrade-catalogue-2\/#breadcrumb\"},\"inLanguage\":\"fr-FR\",\"potentialAction\":[{\"@type\":\"ReadAction\",\"target\":[\"https:\/\/vipgo.atsautomation.com\/iwk-de\/fr\/%20%20\/servicefr\/upgrade-catalogue-2\/\"]}]},{\"@type\":\"ImageObject\",\"inLanguage\":\"fr-FR\",\"@id\":\"https:\/\/vipgo.atsautomation.com\/iwk-de\/fr\/%20%20\/servicefr\/upgrade-catalogue-2\/#primaryimage\",\"url\":\"https:\/\/vipgo.atsautomation.com\/iwk-de\/%20%20\/wp-content\/uploads\/sites\/22\/2022\/03\/IMG-HEADER_Upgrade_Katalog.jpg\",\"contentUrl\":\"https:\/\/vipgo.atsautomation.com\/iwk-de\/%20%20\/wp-content\/uploads\/sites\/22\/2022\/03\/IMG-HEADER_Upgrade_Katalog.jpg\",\"width\":1839,\"height\":732,\"caption\":\"IWK Machine HMI\"},{\"@type\":\"BreadcrumbList\",\"@id\":\"https:\/\/vipgo.atsautomation.com\/iwk-de\/fr\/%20%20\/servicefr\/upgrade-catalogue-2\/#breadcrumb\",\"itemListElement\":[{\"@type\":\"ListItem\",\"position\":1,\"name\":\"HOME\",\"item\":\"https:\/\/vipgo.atsautomation.com\/iwk-de\/fr\/%20%20\/\"},{\"@type\":\"ListItem\",\"position\":2,\"name\":\"SERVICE\",\"item\":\"https:\/\/vipgo.atsautomation.com\/iwk-de\/fr\/%20%20\/servicefr\/\"},{\"@type\":\"ListItem\",\"position\":3,\"name\":\"CATALOGUE DES MISES \u00c0 NIVEAU\"}]},{\"@type\":\"WebSite\",\"@id\":\"https:\/\/vipgo.atsautomation.com\/iwk-de\/%20%20\/#website\",\"url\":\"https:\/\/vipgo.atsautomation.com\/iwk-de\/%20%20\/\",\"name\":\"Innovative And Customized Manufacturing Solutions\",\"description\":\"\",\"publisher\":{\"@id\":\"https:\/\/vipgo.atsautomation.com\/iwk-de\/%20%20\/#organization\"},\"potentialAction\":[{\"@type\":\"SearchAction\",\"target\":{\"@type\":\"EntryPoint\",\"urlTemplate\":\"https:\/\/vipgo.atsautomation.com\/iwk-de\/%20%20\/?s={search_term_string}\"},\"query-input\":{\"@type\":\"PropertyValueSpecification\",\"valueRequired\":true,\"valueName\":\"search_term_string\"}}],\"inLanguage\":\"fr-FR\"},{\"@type\":\"Organization\",\"@id\":\"https:\/\/vipgo.atsautomation.com\/iwk-de\/%20%20\/#organization\",\"name\":\"Innovative And Customized Manufacturing Solutions\",\"url\":\"https:\/\/vipgo.atsautomation.com\/iwk-de\/%20%20\/\",\"logo\":{\"@type\":\"ImageObject\",\"inLanguage\":\"fr-FR\",\"@id\":\"https:\/\/vipgo.atsautomation.com\/iwk-de\/%20%20\/#\/schema\/logo\/image\/\",\"url\":\"https:\/\/vipgo.atsautomation.com\/iwk-de\/%20%20\/wp-content\/uploads\/sites\/22\/2023\/02\/LOGO_IWK_4c_Size_2.png\",\"contentUrl\":\"https:\/\/vipgo.atsautomation.com\/iwk-de\/%20%20\/wp-content\/uploads\/sites\/22\/2023\/02\/LOGO_IWK_4c_Size_2.png\",\"width\":238,\"height\":137,\"caption\":\"Innovative And Customized Manufacturing Solutions\"},\"image\":{\"@id\":\"https:\/\/vipgo.atsautomation.com\/iwk-de\/%20%20\/#\/schema\/logo\/image\/\"}}]}<\/script>\n<!-- \/ Yoast SEO Premium plugin. -->","yoast_head_json":{"title":"CATALOGUE DES MISES \u00c0 NIVEAU - Innovative And Customized Manufacturing Solutions","robots":{"index":"index","follow":"follow","max-snippet":"max-snippet:-1","max-image-preview":"max-image-preview:large","max-video-preview":"max-video-preview:-1"},"canonical":"https:\/\/vipgo.atsautomation.com\/iwk-de\/fr\/  \/servicefr\/upgrade-catalogue-2\/","og_locale":"fr_FR","og_type":"article","og_title":"CATALOGUE DES MISES \u00c0 NIVEAU","og_description":"CONVERSIONS ET MISES \u00c0 NIVEAU TOUT EN UN COUP D&rsquo;\u0152IL [3d-flip-book mode=\u00a0\u00bbfullscreen\u00a0\u00bb id=\u00a0\u00bb9521&Prime;][\/3d-flip-book] RETOUR VERS \u201eSERVICE\u201c","og_url":"https:\/\/vipgo.atsautomation.com\/iwk-de\/fr\/  \/servicefr\/upgrade-catalogue-2\/","og_site_name":"Innovative And Customized Manufacturing Solutions","article_modified_time":"2022-04-11T10:22:33+00:00","og_image":[{"width":1839,"height":732,"url":"https:\/\/vipgo.atsautomation.com\/iwk-de\/%20%20\/wp-content\/uploads\/sites\/22\/2022\/03\/IMG-HEADER_Upgrade_Katalog.jpg","type":"image\/jpeg"}],"twitter_card":"summary_large_image","schema":{"@context":"https:\/\/schema.org","@graph":[{"@type":"WebPage","@id":"https:\/\/vipgo.atsautomation.com\/iwk-de\/fr\/%20%20\/servicefr\/upgrade-catalogue-2\/","url":"https:\/\/vipgo.atsautomation.com\/iwk-de\/fr\/%20%20\/servicefr\/upgrade-catalogue-2\/","name":"CATALOGUE DES MISES \u00c0 NIVEAU - Innovative And Customized Manufacturing Solutions","isPartOf":{"@id":"https:\/\/vipgo.atsautomation.com\/iwk-de\/%20%20\/#website"},"primaryImageOfPage":{"@id":"https:\/\/vipgo.atsautomation.com\/iwk-de\/fr\/%20%20\/servicefr\/upgrade-catalogue-2\/#primaryimage"},"image":{"@id":"https:\/\/vipgo.atsautomation.com\/iwk-de\/fr\/%20%20\/servicefr\/upgrade-catalogue-2\/#primaryimage"},"thumbnailUrl":"https:\/\/vipgo.atsautomation.com\/iwk-de\/%20%20\/wp-content\/uploads\/sites\/22\/2022\/03\/IMG-HEADER_Upgrade_Katalog.jpg","datePublished":"2022-03-09T14:51:02+00:00","dateModified":"2022-04-11T10:22:33+00:00","breadcrumb":{"@id":"https:\/\/vipgo.atsautomation.com\/iwk-de\/fr\/%20%20\/servicefr\/upgrade-catalogue-2\/#breadcrumb"},"inLanguage":"fr-FR","potentialAction":[{"@type":"ReadAction","target":["https:\/\/vipgo.atsautomation.com\/iwk-de\/fr\/%20%20\/servicefr\/upgrade-catalogue-2\/"]}]},{"@type":"ImageObject","inLanguage":"fr-FR","@id":"https:\/\/vipgo.atsautomation.com\/iwk-de\/fr\/%20%20\/servicefr\/upgrade-catalogue-2\/#primaryimage","url":"https:\/\/vipgo.atsautomation.com\/iwk-de\/%20%20\/wp-content\/uploads\/sites\/22\/2022\/03\/IMG-HEADER_Upgrade_Katalog.jpg","contentUrl":"https:\/\/vipgo.atsautomation.com\/iwk-de\/%20%20\/wp-content\/uploads\/sites\/22\/2022\/03\/IMG-HEADER_Upgrade_Katalog.jpg","width":1839,"height":732,"caption":"IWK Machine HMI"},{"@type":"BreadcrumbList","@id":"https:\/\/vipgo.atsautomation.com\/iwk-de\/fr\/%20%20\/servicefr\/upgrade-catalogue-2\/#breadcrumb","itemListElement":[{"@type":"ListItem","position":1,"name":"HOME","item":"https:\/\/vipgo.atsautomation.com\/iwk-de\/fr\/%20%20\/"},{"@type":"ListItem","position":2,"name":"SERVICE","item":"https:\/\/vipgo.atsautomation.com\/iwk-de\/fr\/%20%20\/servicefr\/"},{"@type":"ListItem","position":3,"name":"CATALOGUE DES MISES \u00c0 NIVEAU"}]},{"@type":"WebSite","@id":"https:\/\/vipgo.atsautomation.com\/iwk-de\/%20%20\/#website","url":"https:\/\/vipgo.atsautomation.com\/iwk-de\/%20%20\/","name":"Innovative And Customized Manufacturing Solutions","description":"","publisher":{"@id":"https:\/\/vipgo.atsautomation.com\/iwk-de\/%20%20\/#organization"},"potentialAction":[{"@type":"SearchAction","target":{"@type":"EntryPoint","urlTemplate":"https:\/\/vipgo.atsautomation.com\/iwk-de\/%20%20\/?s={search_term_string}"},"query-input":{"@type":"PropertyValueSpecification","valueRequired":true,"valueName":"search_term_string"}}],"inLanguage":"fr-FR"},{"@type":"Organization","@id":"https:\/\/vipgo.atsautomation.com\/iwk-de\/%20%20\/#organization","name":"Innovative And Customized Manufacturing Solutions","url":"https:\/\/vipgo.atsautomation.com\/iwk-de\/%20%20\/","logo":{"@type":"ImageObject","inLanguage":"fr-FR","@id":"https:\/\/vipgo.atsautomation.com\/iwk-de\/%20%20\/#\/schema\/logo\/image\/","url":"https:\/\/vipgo.atsautomation.com\/iwk-de\/%20%20\/wp-content\/uploads\/sites\/22\/2023\/02\/LOGO_IWK_4c_Size_2.png","contentUrl":"https:\/\/vipgo.atsautomation.com\/iwk-de\/%20%20\/wp-content\/uploads\/sites\/22\/2023\/02\/LOGO_IWK_4c_Size_2.png","width":238,"height":137,"caption":"Innovative And Customized Manufacturing Solutions"},"image":{"@id":"https:\/\/vipgo.atsautomation.com\/iwk-de\/%20%20\/#\/schema\/logo\/image\/"}}]}},"jetpack_sharing_enabled":true,"_links":{"self":[{"href":"https:\/\/vipgo.atsautomation.com\/iwk-de\/fr\/%20%20\/wp-json\/wp\/v2\/pages\/9488","targetHints":{"allow":["GET"]}}],"collection":[{"href":"https:\/\/vipgo.atsautomation.com\/iwk-de\/fr\/%20%20\/wp-json\/wp\/v2\/pages"}],"about":[{"href":"https:\/\/vipgo.atsautomation.com\/iwk-de\/fr\/%20%20\/wp-json\/wp\/v2\/types\/page"}],"author":[{"embeddable":true,"href":"https:\/\/vipgo.atsautomation.com\/iwk-de\/fr\/%20%20\/wp-json\/wp\/v2\/users\/63"}],"replies":[{"embeddable":true,"href":"https:\/\/vipgo.atsautomation.com\/iwk-de\/fr\/%20%20\/wp-json\/wp\/v2\/comments?post=9488"}],"version-history":[{"count":4,"href":"https:\/\/vipgo.atsautomation.com\/iwk-de\/fr\/%20%20\/wp-json\/wp\/v2\/pages\/9488\/revisions"}],"predecessor-version":[{"id":9604,"href":"https:\/\/vipgo.atsautomation.com\/iwk-de\/fr\/%20%20\/wp-json\/wp\/v2\/pages\/9488\/revisions\/9604"}],"up":[{"embeddable":true,"href":"https:\/\/vipgo.atsautomation.com\/iwk-de\/fr\/%20%20\/wp-json\/wp\/v2\/pages\/2816"}],"wp:featuredmedia":[{"embeddable":true,"href":"https:\/\/vipgo.atsautomation.com\/iwk-de\/fr\/%20%20\/wp-json\/wp\/v2\/media\/9282"}],"wp:attachment":[{"href":"https:\/\/vipgo.atsautomation.com\/iwk-de\/fr\/%20%20\/wp-json\/wp\/v2\/media?parent=9488"}],"curies":[{"name":"wp","href":"https:\/\/api.w.org\/{rel}","templated":true}]}}